{"id":270,"date":"2022-06-07T09:18:19","date_gmt":"2022-06-07T13:18:19","guid":{"rendered":"https:\/\/resources.wecipr.com\/reclamacion-de-garantia\/"},"modified":"2024-12-18T15:21:52","modified_gmt":"2024-12-18T19:21:52","slug":"reclamacion-de-garantia","status":"publish","type":"page","link":"https:\/\/resources.wecipr.com\/es\/reclamacion-de-garantia\/","title":{"rendered":"Reclamaci\u00f3n de garant\u00eda"},"content":{"rendered":"<div class=\"frm_forms  with_frm_style frm_style_wec-style\" id=\"frm_form_18_container\" data-token=\"b0e31dfa0b20314ac2f74df50accd7cf\">\n<form enctype=\"multipart\/form-data\" method=\"post\" class=\"frm-show-form  frm_pro_form \" id=\"form_requestwarranty2\" data-token=\"b0e31dfa0b20314ac2f74df50accd7cf\">\n<div class=\"frm_form_fields \">\n<fieldset>\n<legend class=\"frm_screen_reader\">Solicitar garant\u00eda<\/legend>\r\n\r\n<div class=\"frm_fields_container\">\n<input type=\"hidden\" name=\"frm_action\" value=\"create\" \/>\n<input type=\"hidden\" name=\"form_id\" value=\"18\" \/>\n<input type=\"hidden\" name=\"frm_hide_fields_18\" id=\"frm_hide_fields_18\" value=\"\" \/>\n<input type=\"hidden\" name=\"form_key\" value=\"requestwarranty2\" \/>\n<input type=\"hidden\" name=\"item_meta[0]\" value=\"\" \/>\n<input type=\"hidden\" id=\"frm_submit_entry_18\" name=\"frm_submit_entry_18\" value=\"857c1b1437\" \/><input type=\"hidden\" name=\"_wp_http_referer\" value=\"\/es\/wp-json\/wp\/v2\/pages\/270\" \/><div id=\"frm_field_707_container\" class=\"frm_form_field form-field  frm_required_field form-group frm_top_container\">\r\n    <div  id=\"field_uxhfj2_label\" class=\"frm_primary_label col-form-label form-label\">Nombre\r\n        <span class=\"frm_required\" aria-hidden=\"true\">*<\/span>\r\n    <\/div>\r\n    <fieldset aria-labelledby=\"field_uxhfj2_label\">\n\t<legend class=\"frm_screen_reader frm_hidden\">\n\t\tNombre\t<\/legend>\n\n\t<div  class=\"frm_combo_inputs_container\" id=\"frm_combo_inputs_container_707\" data-name-layout=\"first_last\">\n\t\t\t\t\t<div\n\t\t\t\tid=\"frm_field_707-first_container\"\n\t\t\t\tclass=\"frm_form_field form-field frm_form_subfield-first  frm6\"\n\t\t\t\tdata-sub-field-name=\"first\"\n\t\t\t>\n\t\t\t\t<label for=\"field_uxhfj2_first\" class=\"frm_screen_reader frm_hidden\">\n\t\t\t\t\tFirst\t\t\t\t<\/label>\n\n\t\t\t\t\t\t\t\t\t\t<input\n\t\t\t\t\t\t\ttype=\"text\"\n\t\t\t\t\t\t\tid=\"field_uxhfj2_first\"\n\t\t\t\t\t\t\tvalue=\"\"\n\t\t\t\t\t\t\tname=\"item_meta[707][first]\"  data-reqmsg=\"Este campo no puede estar en blanco.\" aria-required=\"true\" data-invmsg=\"Nombre no es v\u00e1lido\" class=\"form-control\" aria-invalid=\"false\"  \t\t\t\t\t\t\/>\n\t\t\t\t\t\t<div class=\"frm_description\" id=\"frm_field_707_first_desc\">First<\/div>\t\t\t<\/div>\n\t\t\t\t\t\t<div\n\t\t\t\tid=\"frm_field_707-last_container\"\n\t\t\t\tclass=\"frm_form_field form-field frm_form_subfield-last  frm6\"\n\t\t\t\tdata-sub-field-name=\"last\"\n\t\t\t>\n\t\t\t\t<label for=\"field_uxhfj2_last\" class=\"frm_screen_reader frm_hidden\">\n\t\t\t\t\tLast\t\t\t\t<\/label>\n\n\t\t\t\t\t\t\t\t\t\t<input\n\t\t\t\t\t\t\ttype=\"text\"\n\t\t\t\t\t\t\tid=\"field_uxhfj2_last\"\n\t\t\t\t\t\t\tvalue=\"\"\n\t\t\t\t\t\t\tname=\"item_meta[707][last]\"  data-reqmsg=\"Este campo no puede estar en blanco.\" aria-required=\"true\" data-invmsg=\"Nombre no es v\u00e1lido\" class=\"form-control\" aria-invalid=\"false\"  \t\t\t\t\t\t\/>\n\t\t\t\t\t\t<div class=\"frm_description\" id=\"frm_field_707_last_desc\">Last<\/div>\t\t\t<\/div>\n\t\t\t\t<\/div>\n<\/fieldset>\n\r\n    \r\n    \r\n<\/div>\n<div id=\"frm_field_708_container\" class=\"frm_form_field form-field  frm_required_field form-group frm_top_container frm4 frm_first\">\r\n    <label for=\"field_mobile_cellular2\" id=\"field_mobile_cellular2_label\" class=\"frm_primary_label col-form-label form-label\">Tel\u00e9fono m\u00f3vil\r\n        <span class=\"frm_required\" aria-hidden=\"true\">*<\/span>\r\n    <\/label>\r\n    <input type=\"tel\" id=\"field_mobile_cellular2\" name=\"item_meta[708]\" value=\"\"  data-reqmsg=\"Este campo no puede estar en blanco.\" aria-required=\"true\" data-invmsg=\"El tel\u00e9fono no es v\u00e1lido\" class=\"form-control\" aria-invalid=\"false\" pattern=\"((\\+\\d{1,3}(-|.| )?\\(?\\d\\)?(-| |.)?\\d{1,5})|(\\(?\\d{2,6}\\)?))(-|.| )?(\\d{3,4})(-|.| )?(\\d{4})(( x| ext)\\d{1,5}){0,1}$\"   aria-describedby=\"frm_desc_field_mobile_cellular2\"\/>\r\n    <div class=\"frm_description form-text\" id=\"frm_desc_field_mobile_cellular2\">Por favor, introduzca un n\u00famero de tel\u00e9fono m\u00f3vil\/celular v\u00e1lido.<\/div>\r\n    \r\n<\/div>\n<div id=\"frm_field_709_container\" class=\"frm_form_field form-field  form-group frm_top_container frm4\">\r\n    <label for=\"field_i9gcx2\" id=\"field_i9gcx2_label\" class=\"frm_primary_label col-form-label form-label\">Otro tel\u00e9fono\r\n        <span class=\"frm_required\" aria-hidden=\"true\"><\/span>\r\n    <\/label>\r\n    <input type=\"tel\" id=\"field_i9gcx2\" name=\"item_meta[709]\" value=\"\"  data-invmsg=\"El tel\u00e9fono no es v\u00e1lido\" class=\"form-control\" aria-invalid=\"false\" pattern=\"((\\+\\d{1,3}(-|.| )?\\(?\\d\\)?(-| |.)?\\d{1,5})|(\\(?\\d{2,6}\\)?))(-|.| )?(\\d{3,4})(-|.| )?(\\d{4})(( x| ext)\\d{1,5}){0,1}$\"   aria-describedby=\"frm_desc_field_i9gcx2\"\/>\r\n    <div class=\"frm_description form-text\" id=\"frm_desc_field_i9gcx2\">Por favor, introduzca un n\u00famero de tel\u00e9fono v\u00e1lido.<\/div>\r\n    \r\n<\/div>\n<div id=\"frm_field_710_container\" class=\"frm_form_field form-field  frm_required_field form-group frm_top_container frm4\">\r\n    <label for=\"field_ag11c2\" id=\"field_ag11c2_label\" class=\"frm_primary_label col-form-label form-label\">Correo electr\u00f3nico\r\n        <span class=\"frm_required\" aria-hidden=\"true\">*<\/span>\r\n    <\/label>\r\n    <input type=\"email\" id=\"field_ag11c2\" name=\"item_meta[710]\" value=\"\"  data-reqmsg=\"Correo electr\u00f3nico cannot be blank.\" aria-required=\"true\" data-invmsg=\"Email is invalid\" class=\"form-control\" aria-invalid=\"false\"   aria-describedby=\"frm_desc_field_ag11c2\"\/>\r\n    <div class=\"frm_description form-text\" id=\"frm_desc_field_ag11c2\">example@example.com<\/div>\r\n    \r\n<\/div>\n<div id=\"frm_field_711_container\" class=\"frm_form_field form-field  frm_required_field form-group frm_top_container\">\r\n    <div  id=\"field_hgdot2_label\" class=\"frm_primary_label col-form-label form-label\">Physical Address\r\n        <span class=\"frm_required\" aria-hidden=\"true\">*<\/span>\r\n    <\/div>\r\n    <fieldset aria-labelledby=\"field_hgdot2_label\">\n<legend class=\"frm_screen_reader frm_hidden\">\n\tPhysical Address<\/legend>\n<div class=\"frm_combo_inputs_container\">\n<div id=\"frm_field_711-line1_container\" class=\"frm_form_field form-field \">\n\t<label for=\"field_hgdot2_line1\" class=\"frm_screen_reader frm_hidden\">\n\t\tPhysical Address\t<\/label>\n\t\t<input type=\"text\" id=\"field_hgdot2_line1\" value=\"\" name=\"item_meta[711][line1]\"  data-reqmsg=\"Physical Address cannot be blank.\" aria-required=\"true\" data-invmsg=\"Physical Address no es v\u00e1lido\" class=\"form-control\" aria-invalid=\"false\"   autocomplete=\"address-line1\" \/>\n\t<\/div>\n<div id=\"frm_field_711-line2_container\" class=\"frm_form_field form-field \">\n\t<label for=\"field_hgdot2_line2\" class=\"frm_screen_reader frm_hidden\">\n\t\tPhysical Address\t<\/label>\n\t\t<input type=\"text\" id=\"field_hgdot2_line2\" value=\"\" name=\"item_meta[711][line2]\"  data-reqmsg=\"Physical Address cannot be blank.\" aria-required=\"true\" data-invmsg=\"Physical Address no es v\u00e1lido\" class=\"form-control frm_optional\" aria-invalid=\"false\"   autocomplete=\"address-line2\" \/>\n\t<\/div>\n<div id=\"frm_field_711-city_container\" class=\"frm_form_field form-field frm_third frm_first\">\n\t<label for=\"field_hgdot2_city\" class=\"frm_screen_reader frm_hidden\">\n\t\tCity\t<\/label>\n\t\t<input type=\"text\" id=\"field_hgdot2_city\" value=\"\" name=\"item_meta[711][city]\"  data-reqmsg=\"Physical Address cannot be blank.\" aria-required=\"true\" data-invmsg=\"Physical Address no es v\u00e1lido\" class=\"form-control\" aria-invalid=\"false\"   autocomplete=\"address-level2\" \/>\n\t<div class=\"frm_description\">City<\/div><\/div>\n<div id=\"frm_field_711-state_container\" class=\"frm_form_field form-field frm_third\">\n\t<label for=\"field_hgdot2_state\" class=\"frm_screen_reader frm_hidden\">\n\t\tState\/Province\t<\/label>\n\t\t<input type=\"text\" id=\"field_hgdot2_state\" value=\"\" name=\"item_meta[711][state]\"  data-reqmsg=\"Physical Address cannot be blank.\" aria-required=\"true\" data-invmsg=\"Physical Address no es v\u00e1lido\" class=\"form-control\" aria-invalid=\"false\"   autocomplete=\"address-level1\" \/>\n\t<div class=\"frm_description\">State\/Province<\/div><\/div>\n<div id=\"frm_field_711-zip_container\" class=\"frm_form_field form-field frm_third\">\n\t<label for=\"field_hgdot2_zip\" class=\"frm_screen_reader frm_hidden\">\n\t\tZip\/Postal\t<\/label>\n\t\t<input type=\"text\" id=\"field_hgdot2_zip\" value=\"\" name=\"item_meta[711][zip]\"  data-reqmsg=\"Physical Address cannot be blank.\" aria-required=\"true\" data-invmsg=\"Physical Address no es v\u00e1lido\" class=\"form-control\" aria-invalid=\"false\"   autocomplete=\"postal-code\" \/>\n\t<div class=\"frm_description\">Zip\/Postal<\/div><\/div>\n<\/div>\n<\/fieldset>\n\r\n    \r\n    \r\n<\/div>\n<div id=\"frm_field_712_container\" class=\"frm_form_field frm_section_heading form-field \">\r\n<h3 class=\"frm_pos_top\">Product Information:<\/h3>\r\n<div id=\"frm_desc_field_u8etj2\" class=\"frm_description form-text frm_section_spacing\">Select the brand and enter the serial number for which you are claiming warranty. It is required that you have registered your product prior to this claim.<\/div>\r\n<input type=\"hidden\" name=\"item_meta[712][form]\" value=\"19\" class=\"frm_dnc\" \/>\n\t\t\t<div id=\"frm_section_712-0\" class=\"frm_repeat_sec frm_repeat_712 frm_first_repeat frm_grid_container\">\n<input type=\"hidden\" name=\"item_meta[712][row_ids][]\" value=\"0\" \/><input type=\"hidden\" name=\"item_meta[712][0][0]\" value=\"\" \/><div id=\"frm_field_713-712-0_container\" class=\"frm_form_field form-field  frm_required_field form-group frm_top_container frm6 frm_first frm_field_713_container\">\r\n    <label for=\"field_2wq032-0\" id=\"field_2wq032-0_label\" class=\"frm_primary_label col-form-label form-label\">Cantidad\r\n        <span class=\"frm_required\" aria-hidden=\"true\">*<\/span>\r\n    <\/label>\r\n    <input type=\"number\" id=\"field_2wq032-0\" name=\"item_meta[712][0][713]\" value=\"\" data-sectionid=\"712\"  data-reqmsg=\"Cantidad cannot be blank.\" aria-required=\"true\" data-invmsg=\"El n\u00famero no es v\u00e1lido\" class=\"form-control\" aria-invalid=\"false\"   min=\"0\" max=\"9999999\" step=\"any\" \/>\r\n    \r\n    \r\n<\/div>\n<div id=\"frm_field_714-712-0_container\" class=\"frm_form_field form-field  frm_required_field form-group frm_top_container frm6 frm_field_714_container frm_other_container\">\r\n    <label for=\"field_47uy72-0\" id=\"field_47uy72-0_label\" class=\"frm_primary_label col-form-label form-label\">Producto\r\n        <span class=\"frm_required\" aria-hidden=\"true\">*<\/span>\r\n    <\/label>\r\n    \t\t<select name=\"item_meta[712][0][714]\" id=\"field_47uy72-0\"  data-sectionid=\"712\"  data-reqmsg=\"Producto cannot be blank.\" aria-required=\"true\" data-invmsg=\"Producto no es v\u00e1lido\" class=\"form-control\" aria-invalid=\"false\"  >\n\t\t<option  value=\"Wecsolar+ 6V 225 AH\">Wecsolar+ 6V 225 AH<\/option><option  value=\"Wecsolar+ 6V 330 AH\" class=\"frm_other_trigger\">Wecsolar+ 6V 330 AH<\/option><option  value=\"Wecsolar+ 6V 430 AH\">Wecsolar+ 6V 430 AH<\/option><option  value=\"Wecsolar+ 12V 100 AH\">Wecsolar+ 12V 100 AH<\/option><option  value=\"Wecsolar+ 12V 250 AH\">Wecsolar+ 12V 250 AH<\/option><option  value=\"Wecsolar+ 2V 1000 AH\">Wecsolar+ 2V 1000 AH<\/option>\t<\/select>\n\t<label for=\"field_47uy72-0-otext\" class=\"frm_screen_reader frm_hidden\">Producto<\/label><input type=\"text\" id=\"field_47uy72-0-otext\" class=\"frm_other_input frm_pos_none\"  name=\"item_meta[712][0][other][714]\" value=\"\" \/>\r\n    \r\n    \r\n<\/div>\n<div class=\"frm_form_field frm_hidden_container frm_repeat_buttons \"><a href=\"#\" class=\"frm_add_form_row frm_button\" data-parent=\"712\" aria-label=\"Add\"><svg  viewBox=\"0 0 20 20\" width=\"1em\" height=\"1em\" class=\"frmsvg frm-svg-icon\">\n\t<title>plus1<\/title>\n\t<path d=\"M11 5H9v4H5v2h4v4h2v-4h4V9h-4V5zm-1-5a10 10 0 1 0 0 20 10 10 0 0 0 0-20zm0 18a8 8 0 1 1 0-16 8 8 0 0 1 0 16z\"><\/path>\n\n<\/svg> Add<\/a>\n<a href=\"#\" class=\"frm_remove_form_row frm_button\" data-key=\"0\" data-parent=\"712\" aria-label=\"Eliminar\"><svg  viewBox=\"0 0 20 20\" width=\"1em\" height=\"1em\" class=\"frmsvg frm-svg-icon\">\n\t<title>minus1<\/title>\n\t<path d=\"M5 9v2h10V9H5zm5-9a10 10 0 1 0 0 20 10 10 0 0 0 0-20zm0 18a8 8 0 1 1 0-16 8 8 0 0 1 0 16z\"><\/path>\n\n<\/svg> Remove<\/a> <\/div><\/div>\n\r\n<\/div>\n<div id=\"frm_field_716_container\" class=\"frm_form_field form-field  frm_required_field form-group frm_top_container\">\r\n    <label for=\"field_vpf472\" id=\"field_vpf472_label\" class=\"frm_primary_label col-form-label form-label\"># Orden\r\n        <span class=\"frm_required\" aria-hidden=\"true\">*<\/span>\r\n    <\/label>\r\n    <input  type=\"text\" id=\"field_vpf472\" name=\"item_meta[716]\" value=\"\"  data-reqmsg=\"# Orden cannot be blank.\" aria-required=\"true\" data-invmsg=\"Text is invalid\" class=\"form-control\" aria-invalid=\"false\"   aria-describedby=\"frm_desc_field_vpf472\" \/>\r\n    <div class=\"frm_description form-text\" id=\"frm_desc_field_vpf472\">Please provide purchase receipt number.<\/div>\r\n    \r\n<\/div>\n<div id=\"frm_field_717_container\" class=\"frm_form_field form-field  frm_required_field form-group frm_top_container\">\r\n    <label for=\"field_ludfp2\" id=\"field_ludfp2_label\" class=\"frm_primary_label col-form-label form-label\">Please describe the problem.\r\n        <span class=\"frm_required\" aria-hidden=\"true\">*<\/span>\r\n    <\/label>\r\n    <textarea name=\"item_meta[717]\" id=\"field_ludfp2\" rows=\"5\"  data-reqmsg=\"Please describe the problem. cannot be blank.\" aria-required=\"true\" data-invmsg=\"Please describe the problem. is invalid\" class=\"form-control\" aria-invalid=\"false\"  ><\/textarea>\r\n    \r\n    \r\n<\/div>\n<div id=\"frm_field_723_container\" class=\"frm_form_field form-field  frm_required_field form-group frm_top_container frm12 frm_first\">\n\t<label for=\"field_dhz7k\" id=\"field_dhz7k_label\" class=\"frm_primary_label col-form-label form-label\">Image\n\t\t<span class=\"frm_required\" aria-hidden=\"true\">*<\/span>\n\t<\/label>\n\t<input type=\"hidden\"  data-reqmsg=\"Image cannot be blank.\" data-invmsg=\"Image is invalid\" aria-invalid=\"false\"   name=\"item_meta[723]\"  data-reqmsg=\"Image cannot be blank.\"  value=\"\" data-frmfile=\"723\" \/>\n\n<div class=\"frm_dropzone frm_single_upload frm_clearfix\" id=\"file723_dropzone\" role=\"group\"  aria-describedby=\"frm_desc_field_dhz7k\">\n\t<div class=\"fallback\">\n\t\t<input type=\"file\" name=\"file723\" id=\"field_dhz7k\"\n\t\t\t data-reqmsg=\"Image cannot be blank.\" data-invmsg=\"Image is invalid\" aria-invalid=\"false\"  \t\t\t\/>\n\t\t\t\t<div class=\"frm_clearfix \"><\/div>\n\t<\/div>\n\t<div class=\"dz-message needsclick\">\n\t\t\t\t<svg  viewBox=\"0 0 18 18\" class=\"frmsvg frm-svg-icon\">\n\t<path viewBox=\"0 0 18 18\" fill-rule=\"evenodd\" clip-rule=\"evenodd\" d=\"M8.2 4v8a.8.8 0 001.5 0V4l2.1 2.2A.7.7 0 1013 5L9.5 1.7a.7.7 0 00-1.1 0L5.1 5.2a.8.8 0 001 1l2.1-2zm7.6 4.3c.4 0 .7.3.7.7v6.8c0 .4-.3.7-.8.7H2.3a.8.8 0 01-.8-.8V9A.8.8 0 013 9v6h12V9c0-.4.3-.8.8-.8z\"><\/path>\n<\/svg>\t\t<span class=\"frm_upload_text\"><button type=\"button\" aria-label=\"Image. Drop Document. Tama\u00f1o m\u00e1ximo del archivo: 16.78MB\">Drop Document<\/button><\/span>\n\t\t<span class=\"frm_compact_text\"><button type=\"button\" aria-label=\"Image. Choose File. Tama\u00f1o m\u00e1ximo del archivo: 16.78MB\">Choose File<\/button><\/span>\n\t\t<div class=\"frm_small_text\">\n\t\t\t<p>Tama\u00f1o m\u00e1ximo del archivo: 16.78MB<\/p>\n\t\t<\/div>\n\t<\/div>\n<\/div>\n\t\n\t<div class=\"frm_description form-text\" id=\"frm_desc_field_dhz7k\">Pictures of installed batteries and connected equipment are required. Only jpg, jpeg, jpe and png.<\/div>\n\t\n<\/div>\n<div id=\"frm_field_719_container\" class=\"frm_form_field  frm_html_container form-field\">\n<p style=\"text-align: left;\"><a href=\"https:\/\/resources.wecipr.com\/wp-content\/uploads\/2024\/09\/TECHNICAL-SERVICES-TERMS-Eng-Spa-8-17-1.pdf\">General Terms and Conditions<\/a><\/p>\n<p><a href=\"https:\/\/resources.wecipr.com\/wp-content\/uploads\/2023\/05\/Battery-Terms_Wholesale-Electric-Caribe_May_2023-1.pdf\" target=\"_blank\" rel=\"noopener\">Battery Warranty Terms and Conditions<\/a><\/p>\n<\/div>\n<div id=\"frm_field_720_container\" class=\"frm_form_field form-field  frm_required_field form-group frm_top_container horizontal_radio frm_display_format_buttons frm_text_align_left\">\r\n    <div  id=\"field_q1oih2_label\" class=\"frm_primary_label col-form-label form-label\">I agree to the Terms and Conditions\r\n        <span class=\"frm_required\" aria-hidden=\"true\">*<\/span>\r\n    <\/div>\r\n    <div class=\"frm_opt_container\" aria-labelledby=\"field_q1oih2_label\" role=\"radiogroup\" aria-required=\"true\">\t\t<div class=\"frm_radio radio-inline radio\" id=\"frm_radio_720-0\">\t\t\t<label  for=\"field_q1oih2-0\">\n\t\t\t\t\t<input type=\"radio\" name=\"item_meta[720]\" id=\"field_q1oih2-0\" value=\"Yes\"\n\t\t   data-reqmsg=\"I agree to the Terms and Conditions cannot be blank.\" data-invmsg=\"I agree to the Terms and Conditions no es v\u00e1lido\" aria-invalid=\"false\"  \/> <div class=\"frm_label_button_container\">Yes<\/div><\/label><\/div>\n\t\t<div class=\"frm_radio radio-inline radio\" id=\"frm_radio_720-1\">\t\t\t<label  for=\"field_q1oih2-1\">\n\t\t\t\t\t<input type=\"radio\" name=\"item_meta[720]\" id=\"field_q1oih2-1\" value=\"No\"\n\t\t   data-reqmsg=\"I agree to the Terms and Conditions cannot be blank.\" data-invmsg=\"I agree to the Terms and Conditions no es v\u00e1lido\" aria-invalid=\"false\"  \/> <div class=\"frm_label_button_container\">No<\/div><\/label><\/div>\n<\/div>\r\n    <div class=\"frm_description form-text\" id=\"frm_desc_field_q1oih2\">Al enviar el formulario de solicitud de garant\u00eda de Wholesale Electric Caribe, Inc., reconoce y acepta que procesaremos sus datos personales de acuerdo con nuestra pol\u00edtica de privacidad para procesar su solicitud. Puede que compartamos estos datos con Aduanas y otras autoridades relevantes, con compa\u00f1\u00edas pertenecientes a Wholesale Electric Caribe, Inc. y con nuestros proveedores.<\/div>\r\n    \r\n<\/div>\n<div id=\"frm_field_721_container\" class=\"frm_form_field form-field  form-group frm_none_container\">\r\n    <label for=\"g-recaptcha-response\" id=\"field_1ynwu2_label\" class=\"frm_primary_label col-form-label form-label\">Captcha\r\n        <span class=\"frm_required\" aria-hidden=\"true\"><\/span>\r\n    <\/label>\r\n    <div  id=\"field_1ynwu2\" class=\"frm-g-recaptcha\" data-sitekey=\"6LebwqYiAAAAAAoSwbiZLLd0ktbUVgjhKxmC2ePQ\" data-size=\"invisible\" data-theme=\"light\"><\/div>\r\n    \r\n    \r\n<\/div>\n<div id=\"frm_field_722_container\" class=\"frm_form_field form-field  form-group\">\r\n\t<div class=\"form-group frm_submit\">\r\n\r\n<button class=\"frm_button_submit btn btn-secondary frm_final_submit\" type=\"submit\"   formnovalidate=\"formnovalidate\">Submit<\/button>\r\n\r\n<\/div>\r\n<\/div>\n\t<input type=\"hidden\" name=\"item_key\" value=\"\" \/>\n\t\t\t\t<div class=\"frm__65d748cfa9dea\">\n\t\t\t\t<label for=\"frm_email_18\" >\n\t\t\t\t\tSi eres humano, deja este campo en blanco.\t\t\t\t<\/label>\n\t\t\t\t<input  id=\"frm_email_18\" type=\"text\" class=\"frm_verify\" name=\"frm__65d748cfa9dea\" value=\"\" autocomplete=\"off\"  \/>\n\t\t\t<\/div>\n\t\t<input name=\"frm_state\" type=\"hidden\" value=\"47Bt6\/ijvEfGo\/5u+UY0BlM4jWR7rNDjjNSWADfRWJs=\" \/><\/div>\n<\/fieldset>\n<\/div>\n\n<\/form>\n<\/div>\n\n","protected":false},"excerpt":{"rendered":"","protected":false},"author":1,"featured_media":0,"parent":0,"menu_order":0,"comment_status":"closed","ping_status":"closed","template":"","meta":{"footnotes":""},"class_list":["post-270","page","type-page","status-publish","hentry"],"_links":{"self":[{"href":"https:\/\/resources.wecipr.com\/es\/wp-json\/wp\/v2\/pages\/270","targetHints":{"allow":["GET"]}}],"collection":[{"href":"https:\/\/resources.wecipr.com\/es\/wp-json\/wp\/v2\/pages"}],"about":[{"href":"https:\/\/resources.wecipr.com\/es\/wp-json\/wp\/v2\/types\/page"}],"author":[{"embeddable":true,"href":"https:\/\/resources.wecipr.com\/es\/wp-json\/wp\/v2\/users\/1"}],"replies":[{"embeddable":true,"href":"https:\/\/resources.wecipr.com\/es\/wp-json\/wp\/v2\/comments?post=270"}],"version-history":[{"count":9,"href":"https:\/\/resources.wecipr.com\/es\/wp-json\/wp\/v2\/pages\/270\/revisions"}],"predecessor-version":[{"id":5588,"href":"https:\/\/resources.wecipr.com\/es\/wp-json\/wp\/v2\/pages\/270\/revisions\/5588"}],"wp:attachment":[{"href":"https:\/\/resources.wecipr.com\/es\/wp-json\/wp\/v2\/media?parent=270"}],"curies":[{"name":"wp","href":"https:\/\/api.w.org\/{rel}","templated":true}]}}