{"id":271,"date":"2021-06-22T00:08:41","date_gmt":"2021-06-22T04:08:41","guid":{"rendered":"https:\/\/resources.wecipr.com\/registro-de-productos\/"},"modified":"2022-11-10T08:41:10","modified_gmt":"2022-11-10T12:41:10","slug":"registro-de-productos","status":"publish","type":"page","link":"https:\/\/resources.wecipr.com\/es\/registro-de-productos\/","title":{"rendered":"Registro de productos"},"content":{"rendered":"\t\t<div data-elementor-type=\"wp-page\" data-elementor-id=\"271\" class=\"elementor elementor-271 elementor-32\" data-elementor-post-type=\"page\">\n\t\t\t\t\t\t<section class=\"elementor-section elementor-top-section elementor-element elementor-element-6485e59 elementor-section-boxed elementor-section-height-default elementor-section-height-default\" data-id=\"6485e59\" data-element_type=\"section\">\n\t\t\t\t\t\t<div class=\"elementor-container elementor-column-gap-default\">\n\t\t\t\t\t<div class=\"elementor-column elementor-col-100 elementor-top-column elementor-element elementor-element-208c107\" data-id=\"208c107\" data-element_type=\"column\">\n\t\t\t<div class=\"elementor-widget-wrap elementor-element-populated\">\n\t\t\t\t\t\t<div class=\"elementor-element elementor-element-c833751 elementor-widget elementor-widget-heading\" data-id=\"c833751\" data-element_type=\"widget\" data-widget_type=\"heading.default\">\n\t\t\t\t<div class=\"elementor-widget-container\">\n\t\t\t\t\t<h2 class=\"elementor-heading-title elementor-size-default\">Por favor, introduzca sus datos a continuaci\u00f3n.<\/h2>\t\t\t\t<\/div>\n\t\t\t\t<\/div>\n\t\t\t\t<div class=\"elementor-element elementor-element-7f89b85 elementor-widget elementor-widget-spacer\" data-id=\"7f89b85\" data-element_type=\"widget\" data-widget_type=\"spacer.default\">\n\t\t\t\t<div class=\"elementor-widget-container\">\n\t\t\t\t\t\t\t<div class=\"elementor-spacer\">\n\t\t\t<div class=\"elementor-spacer-inner\"><\/div>\n\t\t<\/div>\n\t\t\t\t\t\t<\/div>\n\t\t\t\t<\/div>\n\t\t\t\t\t<\/div>\n\t\t<\/div>\n\t\t\t\t\t<\/div>\n\t\t<\/section>\n\t\t\t\t<section class=\"elementor-section elementor-top-section elementor-element elementor-element-54df4cf elementor-section-boxed elementor-section-height-default elementor-section-height-default\" data-id=\"54df4cf\" data-element_type=\"section\">\n\t\t\t\t\t\t<div class=\"elementor-container elementor-column-gap-default\">\n\t\t\t\t\t<div class=\"elementor-column elementor-col-100 elementor-top-column elementor-element elementor-element-442763d\" data-id=\"442763d\" data-element_type=\"column\">\n\t\t\t<div class=\"elementor-widget-wrap elementor-element-populated\">\n\t\t\t\t\t\t<div class=\"elementor-element elementor-element-d640bf8 elementor-widget elementor-widget-text-editor\" data-id=\"d640bf8\" data-element_type=\"widget\" data-widget_type=\"text-editor.default\">\n\t\t\t\t<div class=\"elementor-widget-container\">\n\t\t\t\t\t\t\t\t\t<p>Registrarse en l\u00ednea es f\u00e1cil. En s\u00f3lo 2 minutos, activar\u00e1 su<strong> GARANT\u00cdA.<\/strong><\/p>\t\t\t\t\t\t\t\t<\/div>\n\t\t\t\t<\/div>\n\t\t\t\t\t<\/div>\n\t\t<\/div>\n\t\t\t\t\t<\/div>\n\t\t<\/section>\n\t\t\t\t<section class=\"elementor-section elementor-top-section elementor-element elementor-element-5482ae49 elementor-section-boxed elementor-section-height-default elementor-section-height-default\" data-id=\"5482ae49\" data-element_type=\"section\">\n\t\t\t\t\t\t<div class=\"elementor-container elementor-column-gap-default\">\n\t\t\t\t\t<div class=\"elementor-column elementor-col-100 elementor-top-column elementor-element elementor-element-6b5edcf6\" data-id=\"6b5edcf6\" data-element_type=\"column\">\n\t\t\t<div class=\"elementor-widget-wrap elementor-element-populated\">\n\t\t\t\t\t\t<div class=\"elementor-element elementor-element-512218ca elementor-widget elementor-widget-text-editor\" data-id=\"512218ca\" data-element_type=\"widget\" data-widget_type=\"text-editor.default\">\n\t\t\t\t<div class=\"elementor-widget-container\">\n\t\t\t\t\t\t\t\t\t<p><\/p>\n<p><\/p>\n<p><div class=\"frm_forms  with_frm_style frm_style_wec-style\" id=\"frm_form_2_container\" >\n<form enctype=\"multipart\/form-data\" method=\"post\" class=\"frm-show-form  frm_pro_form \" id=\"form_productregistration\" >\n<div class=\"frm_form_fields  frm_page_num_1\">\n<fieldset>\n<legend class=\"frm_screen_reader\">Product Registration<\/legend>\r\n\r\n<div class=\"frm_fields_container\">\n<input type=\"hidden\" name=\"frm_action\" value=\"create\" \/>\n<input type=\"hidden\" name=\"form_id\" value=\"2\" \/>\n<input type=\"hidden\" name=\"frm_hide_fields_2\" id=\"frm_hide_fields_2\" value=\"\" \/>\n<input type=\"hidden\" name=\"form_key\" value=\"productregistration\" \/>\n<input type=\"hidden\" name=\"item_meta[0]\" value=\"\" \/>\n<input type=\"hidden\" id=\"frm_submit_entry_2\" name=\"frm_submit_entry_2\" value=\"e8d7f3d697\" \/><input type=\"hidden\" name=\"_wp_http_referer\" value=\"\/es\/wp-json\/wp\/v2\/pages\/271\" \/><div id=\"frm_field_17_container\" class=\"frm_form_field form-field  frm_required_field form-group frm_top_container frm_half\">\r\n    <label for=\"field_4uglz\" id=\"field_4uglz_label\" class=\"frm_primary_label col-form-label form-label\">First Name\r\n        <span class=\"frm_required\" aria-hidden=\"true\">*<\/span>\r\n    <\/label>\r\n    <input  type=\"text\" id=\"field_4uglz\" name=\"item_meta[17]\" value=\"\"  data-reqmsg=\"First Name cannot be blank.\" aria-required=\"true\" data-invmsg=\"Text is invalid\" class=\"form-control\" aria-invalid=\"false\"   \/>\r\n    \r\n    \r\n<\/div>\n<div id=\"frm_field_26_container\" class=\"frm_form_field form-field  frm_required_field form-group frm_top_container frm_half\">\r\n    <label for=\"field_kyswu\" id=\"field_kyswu_label\" class=\"frm_primary_label col-form-label form-label\">Last Name\r\n        <span class=\"frm_required\" aria-hidden=\"true\">*<\/span>\r\n    <\/label>\r\n    <input  type=\"text\" id=\"field_kyswu\" name=\"item_meta[26]\" value=\"\"  data-reqmsg=\"Last Name cannot be blank.\" aria-required=\"true\" data-invmsg=\"Text is invalid\" class=\"form-control\" aria-invalid=\"false\"   \/>\r\n    \r\n    \r\n<\/div>\n<div id=\"frm_field_19_container\" class=\"frm_form_field form-field  frm_required_field form-group frm_top_container frm12 frm_first\">\r\n    <label for=\"field_zj6ae\" id=\"field_zj6ae_label\" class=\"frm_primary_label col-form-label form-label\">Phone\r\n        <span class=\"frm_required\" aria-hidden=\"true\">*<\/span>\r\n    <\/label>\r\n    <input type=\"tel\" id=\"field_zj6ae\" name=\"item_meta[19]\" value=\"\"  data-reqmsg=\"Phone cannot be blank.\" aria-required=\"true\" data-invmsg=\"Phone is invalid\" class=\"form-control\" aria-invalid=\"false\" pattern=\"((\\+\\d{1,3}(-|.| )?\\(?\\d\\)?(-| |.)?\\d{1,5})|(\\(?\\d{2,6}\\)?))(-|.| )?(\\d{3,4})(-|.| )?(\\d{4})(( x| ext)\\d{1,5}){0,1}$\"  \/>\r\n    \r\n    \r\n<\/div>\n<div id=\"frm_field_20_container\" class=\"frm_form_field form-field  frm_required_field form-group frm_top_container\">\r\n    <label for=\"field_io9mr\" id=\"field_io9mr_label\" class=\"frm_primary_label col-form-label form-label\">Email Address\r\n        <span class=\"frm_required\" aria-hidden=\"true\">*<\/span>\r\n    <\/label>\r\n    <input type=\"email\" id=\"field_io9mr\" name=\"item_meta[20]\" value=\"\"  data-reqmsg=\"Email Address cannot be blank.\" aria-required=\"true\" data-invmsg=\"Email is invalid\" class=\"form-control\" aria-invalid=\"false\"  \/>\r\n    \r\n    \r\n<\/div>\n<input type=\"hidden\" name=\"frm_page_order_2\" id=\"frm_page_order_2\" value=\"9\" \/><input type=\"hidden\" name=\"item_meta[12]\" id=\"field_v0v0z\" value=\"\" \/>\n\t\t\t<input type=\"hidden\" name=\"item_meta[13]\" id=\"field_63ezk\" value=\"\"  class=\"form-control\"   \/>\n<input type=\"hidden\" name=\"item_meta[125]\" id=\"field_sta62\" value=\"\"  class=\"form-control\"   \/>\n<input type=\"hidden\" name=\"item_meta[9]\" id=\"field_xtlli\" value=\"\"  class=\"form-control\"   \/>\n<input type=\"hidden\" name=\"item_meta[124]\" id=\"field_6wtsn-0\" value=\"\"  data-frmlimit=\"1\"  class=\"form-control\"   \/>\n<input type=\"hidden\" name=\"item_meta[27]\" id=\"field_b6acg\" value=\"\" data-frmval=\"\"\/>\n\t<input type=\"hidden\" name=\"item_key\" value=\"\" \/>\n\t\t\t\t<div class=\"frm__65d748cfa9dea\">\n\t\t\t\t<label for=\"frm_email_2\" >\n\t\t\t\t\tSi eres humano, deja este campo en blanco.\t\t\t\t<\/label>\n\t\t\t\t<input  id=\"frm_email_2\" type=\"text\" class=\"frm_verify\" name=\"frm__65d748cfa9dea\" value=\"\" autocomplete=\"off\"  \/>\n\t\t\t<\/div>\n\t\t<input name=\"frm_state\" type=\"hidden\" value=\"47Bt6\/ijvEfGo\/5u+UY0BkplwKieI5LuWtK\/jt8GKrQ=\" \/><div class=\"form-group frm_submit\">\r\n\r\n<button class=\"frm_button_submit btn btn-secondary\" type=\"submit\"   formnovalidate=\"formnovalidate\">Next<\/button>\r\n\r\n<\/div><\/div>\n<\/fieldset>\n<\/div>\n\n<\/form>\n<\/div>\n<\/p>\n<p><\/p>\t\t\t\t\t\t\t\t<\/div>\n\t\t\t\t<\/div>\n\t\t\t\t\t<\/div>\n\t\t<\/div>\n\t\t\t\t\t<\/div>\n\t\t<\/section>\n\t\t\t\t<\/div>\n\t\t","protected":false},"excerpt":{"rendered":"<p>Por favor, introduzca sus datos a continuaci\u00f3n. Registrarse en l\u00ednea es f\u00e1cil. En s\u00f3lo 2 minutos, activar\u00e1 su GARANT\u00cdA.<\/p>\n","protected":false},"author":1,"featured_media":0,"parent":0,"menu_order":0,"comment_status":"closed","ping_status":"closed","template":"","meta":{"footnotes":""},"class_list":["post-271","page","type-page","status-publish","hentry"],"_links":{"self":[{"href":"https:\/\/resources.wecipr.com\/es\/wp-json\/wp\/v2\/pages\/271","targetHints":{"allow":["GET"]}}],"collection":[{"href":"https:\/\/resources.wecipr.com\/es\/wp-json\/wp\/v2\/pages"}],"about":[{"href":"https:\/\/resources.wecipr.com\/es\/wp-json\/wp\/v2\/types\/page"}],"author":[{"embeddable":true,"href":"https:\/\/resources.wecipr.com\/es\/wp-json\/wp\/v2\/users\/1"}],"replies":[{"embeddable":true,"href":"https:\/\/resources.wecipr.com\/es\/wp-json\/wp\/v2\/comments?post=271"}],"version-history":[{"count":7,"href":"https:\/\/resources.wecipr.com\/es\/wp-json\/wp\/v2\/pages\/271\/revisions"}],"predecessor-version":[{"id":347,"href":"https:\/\/resources.wecipr.com\/es\/wp-json\/wp\/v2\/pages\/271\/revisions\/347"}],"wp:attachment":[{"href":"https:\/\/resources.wecipr.com\/es\/wp-json\/wp\/v2\/media?parent=271"}],"curies":[{"name":"wp","href":"https:\/\/api.w.org\/{rel}","templated":true}]}}